{"id":7541,"date":"2025-12-02T10:22:13","date_gmt":"2025-12-02T10:22:13","guid":{"rendered":"https:\/\/bagsandgo.com\/nuestros-socios\/"},"modified":"2025-12-02T10:22:13","modified_gmt":"2025-12-02T10:22:13","slug":"nuestros-socios","status":"publish","type":"page","link":"https:\/\/bagsandgo.com\/es\/nuestros-socios\/","title":{"rendered":"Nuestros socios"},"content":{"rendered":"","protected":false},"excerpt":{"rendered":"","protected":false},"author":1,"featured_media":0,"parent":0,"menu_order":0,"comment_status":"closed","ping_status":"closed","template":"page-templates\/04-partner-hub.php","meta":{"inline_featured_image":false,"footnotes":""},"class_list":["post-7541","page","type-page","status-publish","hentry"],"yoast_head":"<!-- This site is optimized with the Yoast SEO plugin v27.0 - https:\/\/yoast.com\/product\/yoast-seo-wordpress\/ -->\n<title>As\u00f3ciate con Bags&amp;Go - Servicios de equipaje B2B<\/title>\n<meta name=\"description\" content=\"As\u00f3ciate con Bags&amp;Go para obtener servicios profesionales de equipaje. Agencias de viajes, l\u00edneas de cruceros, hoteles. Portal dedicado, tarifas competitivas.\" \/>\n<meta name=\"robots\" content=\"index, follow, max-snippet:-1, max-image-preview:large, max-video-preview:-1\" \/>\n<link rel=\"canonical\" href=\"https:\/\/bagsandgo.com\/es\/nuestros-socios\/\" \/>\n<meta property=\"og:locale\" content=\"en_US\" \/>\n<meta property=\"og:type\" content=\"article\" \/>\n<meta property=\"og:title\" content=\"As\u00f3ciate con Bags&amp;Go - Servicios de equipaje B2B\" \/>\n<meta property=\"og:description\" content=\"As\u00f3ciate con Bags&amp;Go para obtener servicios profesionales de equipaje. Agencias de viajes, l\u00edneas de cruceros, hoteles. Portal dedicado, tarifas competitivas.\" \/>\n<meta property=\"og:url\" content=\"https:\/\/bagsandgo.com\/es\/nuestros-socios\/\" \/>\n<meta property=\"og:site_name\" content=\"Bags&amp;Go - Servicios de gesti\u00f3n de equipajes\" \/>\n<meta property=\"article:publisher\" content=\"https:\/\/www.facebook.com\/bagsandgo\" \/>\n<meta name=\"twitter:card\" content=\"summary_large_image\" \/>\n<meta name=\"twitter:site\" content=\"@BagsandGo\" \/>\n<script type=\"application\/ld+json\" class=\"yoast-schema-graph\">{\"@context\":\"https:\/\/schema.org\",\"@graph\":[{\"@type\":\"WebPage\",\"@id\":\"https:\/\/bagsandgo.com\/es\/nuestros-socios\/\",\"url\":\"https:\/\/bagsandgo.com\/es\/nuestros-socios\/\",\"name\":\"As\u00f3ciate con Bags&Go - Servicios de equipaje B2B\",\"isPartOf\":{\"@id\":\"https:\/\/bagsandgo.com\/es\/#website\"},\"datePublished\":\"2025-12-02T10:22:13+00:00\",\"description\":\"As\u00f3ciate con Bags&Go para obtener servicios profesionales de equipaje. Agencias de viajes, l\u00edneas de cruceros, hoteles. Portal dedicado, tarifas competitivas.\",\"breadcrumb\":{\"@id\":\"https:\/\/bagsandgo.com\/es\/nuestros-socios\/#breadcrumb\"},\"inLanguage\":\"es\",\"potentialAction\":[{\"@type\":\"ReadAction\",\"target\":[\"https:\/\/bagsandgo.com\/es\/nuestros-socios\/\"]}]},{\"@type\":\"BreadcrumbList\",\"@id\":\"https:\/\/bagsandgo.com\/es\/nuestros-socios\/#breadcrumb\",\"itemListElement\":[{\"@type\":\"ListItem\",\"position\":1,\"name\":\"Portada\",\"item\":\"https:\/\/bagsandgo.com\/es\/\"},{\"@type\":\"ListItem\",\"position\":2,\"name\":\"Nuestros socios\"}]},{\"@type\":\"WebSite\",\"@id\":\"https:\/\/bagsandgo.com\/es\/#website\",\"url\":\"https:\/\/bagsandgo.com\/es\/\",\"name\":\"Barcelona Locker + Luggage Delivery\",\"description\":\"Bags&amp;Go - Recogemos, almacenamos y entregamos a la hora y en el lugar que elijas.\",\"publisher\":{\"@id\":\"https:\/\/bagsandgo.com\/es\/#organization\"},\"potentialAction\":[{\"@type\":\"SearchAction\",\"target\":{\"@type\":\"EntryPoint\",\"urlTemplate\":\"https:\/\/bagsandgo.com\/es\/?s={search_term_string}\"},\"query-input\":{\"@type\":\"PropertyValueSpecification\",\"valueRequired\":true,\"valueName\":\"search_term_string\"}}],\"inLanguage\":\"es\"},{\"@type\":\"Organization\",\"@id\":\"https:\/\/bagsandgo.com\/es\/#organization\",\"name\":\"BAGSANDGO\",\"url\":\"https:\/\/bagsandgo.com\/es\/\",\"logo\":{\"@type\":\"ImageObject\",\"inLanguage\":\"es\",\"@id\":\"https:\/\/bagsandgo.com\/es\/#\/schema\/logo\/image\/\",\"url\":\"https:\/\/bagsandgo.com\/wp-content\/uploads\/2025\/03\/bags-and-go-logo-color-09-1.svg\",\"contentUrl\":\"https:\/\/bagsandgo.com\/wp-content\/uploads\/2025\/03\/bags-and-go-logo-color-09-1.svg\",\"width\":728,\"height\":107,\"caption\":\"BAGSANDGO\"},\"image\":{\"@id\":\"https:\/\/bagsandgo.com\/es\/#\/schema\/logo\/image\/\"},\"sameAs\":[\"https:\/\/www.facebook.com\/bagsandgo\",\"https:\/\/x.com\/BagsandGo\",\"https:\/\/instagram.com\/bagsandgo\"]}]}<\/script>\n<!-- \/ Yoast SEO plugin. -->","yoast_head_json":{"title":"As\u00f3ciate con Bags&Go - Servicios de equipaje B2B","description":"As\u00f3ciate con Bags&Go para obtener servicios profesionales de equipaje. Agencias de viajes, l\u00edneas de cruceros, hoteles. Portal dedicado, tarifas competitivas.","robots":{"index":"index","follow":"follow","max-snippet":"max-snippet:-1","max-image-preview":"max-image-preview:large","max-video-preview":"max-video-preview:-1"},"canonical":"https:\/\/bagsandgo.com\/es\/nuestros-socios\/","og_locale":"en_US","og_type":"article","og_title":"As\u00f3ciate con Bags&Go - Servicios de equipaje B2B","og_description":"As\u00f3ciate con Bags&Go para obtener servicios profesionales de equipaje. Agencias de viajes, l\u00edneas de cruceros, hoteles. Portal dedicado, tarifas competitivas.","og_url":"https:\/\/bagsandgo.com\/es\/nuestros-socios\/","og_site_name":"Bags&amp;Go - Servicios de gesti\u00f3n de equipajes","article_publisher":"https:\/\/www.facebook.com\/bagsandgo","twitter_card":"summary_large_image","twitter_site":"@BagsandGo","schema":{"@context":"https:\/\/schema.org","@graph":[{"@type":"WebPage","@id":"https:\/\/bagsandgo.com\/es\/nuestros-socios\/","url":"https:\/\/bagsandgo.com\/es\/nuestros-socios\/","name":"As\u00f3ciate con Bags&Go - Servicios de equipaje B2B","isPartOf":{"@id":"https:\/\/bagsandgo.com\/es\/#website"},"datePublished":"2025-12-02T10:22:13+00:00","description":"As\u00f3ciate con Bags&Go para obtener servicios profesionales de equipaje. Agencias de viajes, l\u00edneas de cruceros, hoteles. Portal dedicado, tarifas competitivas.","breadcrumb":{"@id":"https:\/\/bagsandgo.com\/es\/nuestros-socios\/#breadcrumb"},"inLanguage":"es","potentialAction":[{"@type":"ReadAction","target":["https:\/\/bagsandgo.com\/es\/nuestros-socios\/"]}]},{"@type":"BreadcrumbList","@id":"https:\/\/bagsandgo.com\/es\/nuestros-socios\/#breadcrumb","itemListElement":[{"@type":"ListItem","position":1,"name":"Portada","item":"https:\/\/bagsandgo.com\/es\/"},{"@type":"ListItem","position":2,"name":"Nuestros socios"}]},{"@type":"WebSite","@id":"https:\/\/bagsandgo.com\/es\/#website","url":"https:\/\/bagsandgo.com\/es\/","name":"Barcelona Locker + Luggage Delivery","description":"Bags&amp;Go - Recogemos, almacenamos y entregamos a la hora y en el lugar que elijas.","publisher":{"@id":"https:\/\/bagsandgo.com\/es\/#organization"},"potentialAction":[{"@type":"SearchAction","target":{"@type":"EntryPoint","urlTemplate":"https:\/\/bagsandgo.com\/es\/?s={search_term_string}"},"query-input":{"@type":"PropertyValueSpecification","valueRequired":true,"valueName":"search_term_string"}}],"inLanguage":"es"},{"@type":"Organization","@id":"https:\/\/bagsandgo.com\/es\/#organization","name":"BAGSANDGO","url":"https:\/\/bagsandgo.com\/es\/","logo":{"@type":"ImageObject","inLanguage":"es","@id":"https:\/\/bagsandgo.com\/es\/#\/schema\/logo\/image\/","url":"https:\/\/bagsandgo.com\/wp-content\/uploads\/2025\/03\/bags-and-go-logo-color-09-1.svg","contentUrl":"https:\/\/bagsandgo.com\/wp-content\/uploads\/2025\/03\/bags-and-go-logo-color-09-1.svg","width":728,"height":107,"caption":"BAGSANDGO"},"image":{"@id":"https:\/\/bagsandgo.com\/es\/#\/schema\/logo\/image\/"},"sameAs":["https:\/\/www.facebook.com\/bagsandgo","https:\/\/x.com\/BagsandGo","https:\/\/instagram.com\/bagsandgo"]}]}},"_links":{"self":[{"href":"https:\/\/bagsandgo.com\/es\/wp-json\/wp\/v2\/pages\/7541","targetHints":{"allow":["GET"]}}],"collection":[{"href":"https:\/\/bagsandgo.com\/es\/wp-json\/wp\/v2\/pages"}],"about":[{"href":"https:\/\/bagsandgo.com\/es\/wp-json\/wp\/v2\/types\/page"}],"author":[{"embeddable":true,"href":"https:\/\/bagsandgo.com\/es\/wp-json\/wp\/v2\/users\/1"}],"replies":[{"embeddable":true,"href":"https:\/\/bagsandgo.com\/es\/wp-json\/wp\/v2\/comments?post=7541"}],"version-history":[{"count":0,"href":"https:\/\/bagsandgo.com\/es\/wp-json\/wp\/v2\/pages\/7541\/revisions"}],"wp:attachment":[{"href":"https:\/\/bagsandgo.com\/es\/wp-json\/wp\/v2\/media?parent=7541"}],"curies":[{"name":"wp","href":"https:\/\/api.w.org\/{rel}","templated":true}]}}